{"id":3764,"date":"2017-10-11T07:05:58","date_gmt":"2017-10-11T06:05:58","guid":{"rendered":"http:\/\/demo.themexpert.com\/wordpress\/edumodo\/?page_id=3764"},"modified":"2024-12-07T01:29:01","modified_gmt":"2024-12-07T01:29:01","slug":"contactos-informacoes","status":"publish","type":"page","link":"https:\/\/sfranciscoassis.com\/en\/contactos-informacoes\/","title":{"rendered":"Contactos e Informa\u00e7\u00f5es"},"content":{"rendered":"<div data-elementor-type=\"wp-post\" data-elementor-id=\"3764\" class=\"elementor elementor-3764\" data-elementor-settings=\"[]\">\n\t\t\t\t\t\t<div class=\"elementor-inner\">\n\t\t\t\t\t\t\t<div class=\"elementor-section-wrap\">\n\t\t\t\t\t\t\t<section class=\"elementor-section elementor-top-section elementor-element elementor-element-6809044 elementor-section-boxed elementor-section-height-default elementor-section-height-default\" data-id=\"6809044\" data-element_type=\"section\">\n\t\t\t\t\t\t<div class=\"elementor-container elementor-column-gap-default\">\n\t\t\t\t\t\t\t<div class=\"elementor-row\">\n\t\t\t\t\t<div class=\"elementor-column elementor-col-100 elementor-top-column elementor-element elementor-element-bccc4fb\" data-id=\"bccc4fb\" data-element_type=\"column\">\n\t\t\t<div class=\"elementor-column-wrap elementor-element-populated\">\n\t\t\t\t\t\t\t<div class=\"elementor-widget-wrap\">\n\t\t\t\t\t\t<div class=\"elementor-element elementor-element-00cf925 elementor-widget elementor-widget-spacer\" data-id=\"00cf925\" data-element_type=\"widget\" data-widget_type=\"spacer.default\">\n\t\t\t\t<div class=\"elementor-widget-container\">\n\t\t\t\t\t<div class=\"elementor-spacer\">\n\t\t\t<div class=\"elementor-spacer-inner\"><\/div>\n\t\t<\/div>\n\t\t\t\t<\/div>\n\t\t\t\t<\/div>\n\t\t\t\t<div class=\"elementor-element elementor-element-2ff216d elementor-widget elementor-widget-heading\" data-id=\"2ff216d\" data-element_type=\"widget\" data-widget_type=\"heading.default\">\n\t\t\t\t<div class=\"elementor-widget-container\">\n\t\t\t<h2 class=\"elementor-heading-title elementor-size-default\">Contacts &amp; Information<\/h2>\t\t<\/div>\n\t\t\t\t<\/div>\n\t\t\t\t<div class=\"elementor-element elementor-element-9e10332 elementor-widget elementor-widget-divider\" data-id=\"9e10332\" data-element_type=\"widget\" data-widget_type=\"divider.default\">\n\t\t\t\t<div class=\"elementor-widget-container\">\n\t\t\t\t\t<div class=\"elementor-divider\">\n\t\t\t<span class=\"elementor-divider-separator\">\n\t\t\t\t\t\t<\/span>\n\t\t<\/div>\n\t\t\t\t<\/div>\n\t\t\t\t<\/div>\n\t\t\t\t<div class=\"elementor-element elementor-element-03d4183 elementor-widget elementor-widget-spacer\" data-id=\"03d4183\" data-element_type=\"widget\" data-widget_type=\"spacer.default\">\n\t\t\t\t<div class=\"elementor-widget-container\">\n\t\t\t\t\t<div class=\"elementor-spacer\">\n\t\t\t<div class=\"elementor-spacer-inner\"><\/div>\n\t\t<\/div>\n\t\t\t\t<\/div>\n\t\t\t\t<\/div>\n\t\t\t\t<div class=\"elementor-element elementor-element-g1agfqf elementor-position-left elementor-vertical-align-bottom elementor-view-stacked elementor-shape-circle elementor-widget elementor-widget-icon-box\" data-id=\"g1agfqf\" data-element_type=\"widget\" data-widget_type=\"icon-box.default\">\n\t\t\t\t<div class=\"elementor-widget-container\">\n\t\t\t\t\t<div class=\"elementor-icon-box-wrapper\">\n\t\t\t\t\t\t<div class=\"elementor-icon-box-icon\">\n\t\t\t\t<span class=\"elementor-icon elementor-animation-\" >\n\t\t\t\t<i aria-hidden=\"true\" class=\"fas fa-map-marker-alt\"><\/i>\t\t\t\t<\/span>\n\t\t\t<\/div>\n\t\t\t\t\t\t<div class=\"elementor-icon-box-content\">\n\t\t\t\t<h2 class=\"elementor-icon-box-title\">\n\t\t\t\t\t<span >Address<\/span>\n\t\t\t\t<\/h2>\n\t\t\t\t\t\t\t\t<p class=\"elementor-icon-box-description\">Lagoas Park, Edif\u00edcio CSFA, Lote 17, 2740-262 Porto Salvo<\/p>\n\t\t\t\t\t\t\t<\/div>\n\t\t<\/div>\n\t\t\t\t<\/div>\n\t\t\t\t<\/div>\n\t\t\t\t<div class=\"elementor-element elementor-element-pjo2th2 elementor-position-left elementor-vertical-align-bottom elementor-view-stacked elementor-shape-circle elementor-widget elementor-widget-icon-box\" data-id=\"pjo2th2\" data-element_type=\"widget\" data-widget_type=\"icon-box.default\">\n\t\t\t\t<div class=\"elementor-widget-container\">\n\t\t\t\t\t<div class=\"elementor-icon-box-wrapper\">\n\t\t\t\t\t\t<div class=\"elementor-icon-box-icon\">\n\t\t\t\t<a class=\"elementor-icon elementor-animation-\" href=\"mailto:info@sfranciscoassis.com\" target=\"_blank\">\n\t\t\t\t<i aria-hidden=\"true\" class=\"far fa-envelope\"><\/i>\t\t\t\t<\/a>\n\t\t\t<\/div>\n\t\t\t\t\t\t<div class=\"elementor-icon-box-content\">\n\t\t\t\t<h2 class=\"elementor-icon-box-title\">\n\t\t\t\t\t<a href=\"mailto:info@sfranciscoassis.com\" target=\"_blank\">E-mail<\/a>\n\t\t\t\t<\/h2>\n\t\t\t\t\t\t\t\t<p class=\"elementor-icon-box-description\">info@sfranciscoassis.com<\/p>\n\t\t\t\t\t\t\t<\/div>\n\t\t<\/div>\n\t\t\t\t<\/div>\n\t\t\t\t<\/div>\n\t\t\t\t<div class=\"elementor-element elementor-element-t0uyeix elementor-position-left elementor-vertical-align-bottom elementor-view-stacked elementor-shape-circle elementor-widget elementor-widget-icon-box\" data-id=\"t0uyeix\" data-element_type=\"widget\" data-widget_type=\"icon-box.default\">\n\t\t\t\t<div class=\"elementor-widget-container\">\n\t\t\t\t\t<div class=\"elementor-icon-box-wrapper\">\n\t\t\t\t\t\t<div class=\"elementor-icon-box-icon\">\n\t\t\t\t<span class=\"elementor-icon elementor-animation-\" >\n\t\t\t\t<i aria-hidden=\"true\" class=\"fas fa-phone\"><\/i>\t\t\t\t<\/span>\n\t\t\t<\/div>\n\t\t\t\t\t\t<div class=\"elementor-icon-box-content\">\n\t\t\t\t<h2 class=\"elementor-icon-box-title\">\n\t\t\t\t\t<span >Telephone<\/span>\n\t\t\t\t<\/h2>\n\t\t\t\t\t\t\t\t<p class=\"elementor-icon-box-description\">Telephone: +351 210 050 190 | Mobile: +351 91 742 02 74<\/p>\n\t\t\t\t\t\t\t<\/div>\n\t\t<\/div>\n\t\t\t\t<\/div>\n\t\t\t\t<\/div>\n\t\t\t\t<div class=\"elementor-element elementor-element-fd1a0d4 elementor-widget elementor-widget-text-editor\" data-id=\"fd1a0d4\" data-element_type=\"widget\" data-widget_type=\"text-editor.default\">\n\t\t\t\t<div class=\"elementor-widget-container\">\n\t\t\t\t\t<div class=\"elementor-text-editor elementor-clearfix\"><p>Read the<a href=\"https:\/\/colsfassis1-my.sharepoint.com\/:b:\/g\/personal\/gerencia1_sfranciscoassis_com\/EfnOR_zrMJtIgpn43dNJp7sBTOwQrtd-H4grWdOzoaUteQ?e=MsYOob\"> <strong>Internal Regulation 2024\/25<\/strong><\/a><\/p><\/div>\n\t\t\t\t<\/div>\n\t\t\t\t<\/div>\n\t\t\t\t<div class=\"elementor-element elementor-element-6d61ef1 elementor-widget elementor-widget-text-editor\" data-id=\"6d61ef1\" data-element_type=\"widget\" data-widget_type=\"text-editor.default\">\n\t\t\t\t<div class=\"elementor-widget-container\">\n\t\t\t\t\t<div class=\"elementor-text-editor elementor-clearfix\"><p>Read the\u00a0<strong><a class=\"waffle-rich-text-link\" href=\"https:\/\/sfranciscoassis.com\/wp-content\/uploads\/2024\/12\/CSFA-Handbook-2024-25-compactado.pdf\" target=\"_blank\" rel=\"noopener\">Handbook CSFA 2024-25<\/a><\/strong><\/p><\/div>\n\t\t\t\t<\/div>\n\t\t\t\t<\/div>\n\t\t\t\t<div class=\"elementor-element elementor-element-6a7eed7 elementor-widget elementor-widget-spacer\" data-id=\"6a7eed7\" data-element_type=\"widget\" data-widget_type=\"spacer.default\">\n\t\t\t\t<div class=\"elementor-widget-container\">\n\t\t\t\t\t<div class=\"elementor-spacer\">\n\t\t\t<div class=\"elementor-spacer-inner\"><\/div>\n\t\t<\/div>\n\t\t\t\t<\/div>\n\t\t\t\t<\/div>\n\t\t\t\t\t\t<\/div>\n\t\t\t\t\t<\/div>\n\t\t<\/div>\n\t\t\t\t\t\t\t\t<\/div>\n\t\t\t\t\t<\/div>\n\t\t<\/section>\n\t\t\t\t<section class=\"elementor-section elementor-top-section elementor-element elementor-element-td6duo5 elementor-section-boxed elementor-section-height-default elementor-section-height-default\" data-id=\"td6duo5\" data-element_type=\"section\">\n\t\t\t\t\t\t<div class=\"elementor-container elementor-column-gap-default\">\n\t\t\t\t\t\t\t<div class=\"elementor-row\">\n\t\t\t\t\t<div class=\"elementor-column elementor-col-100 elementor-top-column elementor-element elementor-element-7e6brlj\" data-id=\"7e6brlj\" data-element_type=\"column\">\n\t\t\t<div class=\"elementor-column-wrap elementor-element-populated\">\n\t\t\t\t\t\t\t<div class=\"elementor-widget-wrap\">\n\t\t\t\t\t\t<div class=\"elementor-element elementor-element-ca4mb0v elementor-widget elementor-widget-heading\" data-id=\"ca4mb0v\" data-element_type=\"widget\" data-widget_type=\"heading.default\">\n\t\t\t\t<div class=\"elementor-widget-container\">\n\t\t\t<h2 class=\"elementor-heading-title elementor-size-default\">Schedule a visit to CSFA<\/h2>\t\t<\/div>\n\t\t\t\t<\/div>\n\t\t\t\t<div class=\"elementor-element elementor-element-dbec50a wk-form-button-default elementor-widget elementor-widget-widgetkit-for-elementor-contact-form\" data-id=\"dbec50a\" data-element_type=\"widget\" data-widget_type=\"widgetkit-for-elementor-contact-form.default\">\n\t\t\t\t<div class=\"elementor-widget-container\">\n\t\t\t\r\n        <div class=\"wk-contact-form\">\r\n                                                <div class=\"wpforms-container wpforms-container-full\" id=\"wpforms-12083\"><form id=\"wpforms-form-12083\" class=\"wpforms-validate wpforms-form\" data-formid=\"12083\" method=\"post\" enctype=\"multipart\/form-data\" action=\"\/wp-json\/wp\/v2\/pages\/3764\" data-token=\"5c7691317e1a87b3bb2ce0cda195823a\" data-trp-original-action=\"\/en\/wp-json\/wp\/v2\/pages\/3764\"><noscript class=\"wpforms-error-noscript\">Please enable JavaScript in your browser to complete this form.<\/noscript><div class=\"wpforms-field-container\"><div id=\"wpforms-12083-field_0-container\" class=\"wpforms-field wpforms-field-name\" data-field-id=\"0\"><label class=\"wpforms-field-label\" for=\"wpforms-12083-field_0\">Name <span class=\"wpforms-required-label\">*<\/span><\/label><div class=\"wpforms-field-row wpforms-field-medium\"><div class=\"wpforms-field-row-block wpforms-first wpforms-one-half\"><input type=\"text\" id=\"wpforms-12083-field_0\" class=\"wpforms-field-name-first wpforms-field-required\" name=\"wpforms[fields][0][first]\" placeholder=\"Name\" required><label for=\"wpforms-12083-field_0\" class=\"wpforms-field-sublabel after wpforms-sublabel-hide\">First<\/label><\/div><div class=\"wpforms-field-row-block wpforms-one-half\"><input type=\"text\" id=\"wpforms-12083-field_0-last\" class=\"wpforms-field-name-last wpforms-field-required\" name=\"wpforms[fields][0][last]\" placeholder=\"Last Name\" required><label for=\"wpforms-12083-field_0-last\" class=\"wpforms-field-sublabel after wpforms-sublabel-hide\">Last<\/label><\/div><\/div><\/div><div id=\"wpforms-12083-field_1-container\" class=\"wpforms-field wpforms-field-email\" data-field-id=\"1\"><label class=\"wpforms-field-label\" for=\"wpforms-12083-field_1\">Email <span class=\"wpforms-required-label\">*<\/span><\/label><input type=\"email\" id=\"wpforms-12083-field_1\" class=\"wpforms-field-medium wpforms-field-required\" name=\"wpforms[fields][1]\" required><\/div><div id=\"wpforms-12083-field_3-container\" class=\"wpforms-field wpforms-field-text\" data-field-id=\"3\"><label class=\"wpforms-field-label\" for=\"wpforms-12083-field_3\">Telephone <span class=\"wpforms-required-label\">*<\/span><\/label><input type=\"text\" id=\"wpforms-12083-field_3\" class=\"wpforms-field-medium wpforms-field-required\" name=\"wpforms[fields][3]\" required><\/div><div id=\"wpforms-12083-field_5-container\" class=\"wpforms-field wpforms-field-radio\" data-field-id=\"5\"><label class=\"wpforms-field-label\" for=\"wpforms-12083-field_5\">Child's Age<\/label><ul id=\"wpforms-12083-field_5\"><li class=\"choice-1 depth-1\"><input type=\"radio\" id=\"wpforms-12083-field_5_1\" name=\"wpforms[fields][5]\" value=\"Ber\u00e7\u00e1rio (a partir dos 4 meses)\"  ><label class=\"wpforms-field-label-inline\" for=\"wpforms-12083-field_5_1\">Nursery<\/label><\/li><li class=\"choice-2 depth-1\"><input type=\"radio\" id=\"wpforms-12083-field_5_2\" name=\"wpforms[fields][5]\" value=\"Creche (at\u00e9 36 meses)\"  ><label class=\"wpforms-field-label-inline\" for=\"wpforms-12083-field_5_2\">Cr\u00e8che<\/label><\/li><li class=\"choice-3 depth-1\"><input type=\"radio\" id=\"wpforms-12083-field_5_3\" name=\"wpforms[fields][5]\" value=\"Pr\u00e9-escolar (3-5 anos)\"  ><label class=\"wpforms-field-label-inline\" for=\"wpforms-12083-field_5_3\">Pre-School<\/label><\/li><li class=\"choice-4 depth-1\"><input type=\"radio\" id=\"wpforms-12083-field_5_4\" name=\"wpforms[fields][5]\" value=\"1\u00ba Ciclo\"  ><label class=\"wpforms-field-label-inline\" for=\"wpforms-12083-field_5_4\">Primary school<\/label><\/li><\/ul><\/div><div id=\"wpforms-12083-field_2-container\" class=\"wpforms-field wpforms-field-textarea\" data-field-id=\"2\"><label class=\"wpforms-field-label\" for=\"wpforms-12083-field_2\">Your message <span class=\"wpforms-required-label\">*<\/span><\/label><textarea id=\"wpforms-12083-field_2\" class=\"wpforms-field-medium wpforms-field-required\" name=\"wpforms[fields][2]\" required><\/textarea><\/div><\/div><div class=\"wpforms-field wpforms-field-hp\"><label for=\"wpforms-12083-field-hp\" class=\"wpforms-field-label\">Email<\/label><input type=\"text\" name=\"wpforms[hp]\" id=\"wpforms-12083-field-hp\" class=\"wpforms-field-medium\"><\/div><div class=\"wpforms-recaptcha-container wpforms-is-hcaptcha\"><div class=\"g-recaptcha\" data-sitekey=\"4d6e5730-7bc0-430e-9c6c-34fc1b78f5c6\"><\/div><input type=\"text\" name=\"g-recaptcha-hidden\" class=\"wpforms-recaptcha-hidden\" style=\"position:absolute!important;clip:rect(0,0,0,0)!important;height:1px!important;width:1px!important;border:0!important;overflow:hidden!important;padding:0!important;margin:0!important;\" required><\/div><div class=\"wpforms-submit-container\"><input type=\"hidden\" name=\"wpforms[id]\" value=\"12083\"><input type=\"hidden\" name=\"wpforms[author]\" value=\"1\"><button type=\"submit\" name=\"wpforms[submit]\" id=\"wpforms-submit-12083\" class=\"wpforms-submit\" data-alt-text=\"A enviar...\" data-submit-text=\"Enviar\" aria-live=\"assertive\" value=\"wpforms-submit\">Submit<\/button><\/div><input type=\"hidden\" name=\"trp-form-language\" value=\"en\"\/><\/form><\/div>  <!-- .wpforms-container -->                                    <\/div>\r\n\r\n        <script type=\"text\/javascript\">\r\n            jQuery(function($){\r\n                if(!$('body').hasClass('wk-contact-form')){\r\n                    $('body').addClass('wk-contact-form');\r\n                }\r\n            });\r\n\r\n        <\/script>\r\n\r\n\r\n\r\n\t\t<\/div>\n\t\t\t\t<\/div>\n\t\t\t\t\t\t<\/div>\n\t\t\t\t\t<\/div>\n\t\t<\/div>\n\t\t\t\t\t\t\t\t<\/div>\n\t\t\t\t\t<\/div>\n\t\t<\/section>\n\t\t\t\t<section class=\"elementor-section elementor-top-section elementor-element elementor-element-kxrkwze elementor-section-stretched elementor-section-full_width elementor-section-height-default elementor-section-height-default\" data-id=\"kxrkwze\" data-element_type=\"section\" data-settings=\"{&quot;stretch_section&quot;:&quot;section-stretched&quot;}\">\n\t\t\t\t\t\t<div class=\"elementor-container elementor-column-gap-default\">\n\t\t\t\t\t\t\t<div class=\"elementor-row\">\n\t\t\t\t\t<div class=\"elementor-column elementor-col-100 elementor-top-column elementor-element elementor-element-twk0tbb\" data-id=\"twk0tbb\" data-element_type=\"column\">\n\t\t\t<div class=\"elementor-column-wrap elementor-element-populated\">\n\t\t\t\t\t\t\t<div class=\"elementor-widget-wrap\">\n\t\t\t\t\t\t<div class=\"elementor-element elementor-element-cdsn5gs elementor-widget elementor-widget-google_maps\" data-id=\"cdsn5gs\" data-element_type=\"widget\" data-widget_type=\"google_maps.default\">\n\t\t\t\t<div class=\"elementor-widget-container\">\n\t\t\t<div class=\"elementor-custom-embed\"><iframe frameborder=\"0\" scrolling=\"no\" marginheight=\"0\" marginwidth=\"0\" src=\"https:\/\/maps.google.com\/maps?q=Col%C3%A9gio%20S%C3%A3o%20Francisco%20Assis&amp;t=m&amp;z=15&amp;output=embed&amp;iwloc=near\" aria-label=\"Col\u00e9gio S\u00e3o Francisco Assis\"><\/iframe><\/div>\t\t<\/div>\n\t\t\t\t<\/div>\n\t\t\t\t<div class=\"elementor-element elementor-element-fdc1207 elementor-widget elementor-widget-spacer\" data-id=\"fdc1207\" data-element_type=\"widget\" data-widget_type=\"spacer.default\">\n\t\t\t\t<div class=\"elementor-widget-container\">\n\t\t\t\t\t<div class=\"elementor-spacer\">\n\t\t\t<div class=\"elementor-spacer-inner\"><\/div>\n\t\t<\/div>\n\t\t\t\t<\/div>\n\t\t\t\t<\/div>\n\t\t\t\t\t\t<\/div>\n\t\t\t\t\t<\/div>\n\t\t<\/div>\n\t\t\t\t\t\t\t\t<\/div>\n\t\t\t\t\t<\/div>\n\t\t<\/section>\n\t\t\t\t<section class=\"elementor-section elementor-top-section elementor-element elementor-element-8c02630 elementor-section-boxed elementor-section-height-default elementor-section-height-default\" data-id=\"8c02630\" data-element_type=\"section\">\n\t\t\t\t\t\t\t<div class=\"elementor-background-overlay\"><\/div>\n\t\t\t\t\t\t\t<div class=\"elementor-container elementor-column-gap-default\">\n\t\t\t\t\t\t\t<div class=\"elementor-row\">\n\t\t\t\t\t<div class=\"elementor-column elementor-col-100 elementor-top-column elementor-element elementor-element-1c6d038\" data-id=\"1c6d038\" data-element_type=\"column\">\n\t\t\t<div class=\"elementor-column-wrap\">\n\t\t\t\t\t\t\t<div class=\"elementor-widget-wrap\">\n\t\t\t\t\t\t\t\t<\/div>\n\t\t\t\t\t<\/div>\n\t\t<\/div>\n\t\t\t\t\t\t\t\t<\/div>\n\t\t\t\t\t<\/div>\n\t\t<\/section>\n\t\t\t\t\t\t<\/div>\n\t\t\t\t\t\t<\/div>\n\t\t\t\t\t<\/div>","protected":false},"excerpt":{"rendered":"<p>Contactos e informa\u00e7\u00f5es Morada Lagoas Park, Edif\u00edcio CSFA, Lote 17, 2740-262 Porto Salvo E-mail info@sfranciscoassis.com Telefone Telef: 210 050 190 (chamada para a rede fixa nacional) | Telem: 91 742 02 74 Consulte o Regulamento Interno CSFA Lagoas Park 2024-25 Consulte o\u00a0Handbook CSFA 2024-25 Agende uma visita ao CSFA Please enable JavaScript in your browser [&hellip;]<\/p>","protected":false},"author":1,"featured_media":0,"parent":0,"menu_order":0,"comment_status":"closed","ping_status":"closed","template":"elementor_header_footer","meta":[],"_links":{"self":[{"href":"https:\/\/sfranciscoassis.com\/en\/wp-json\/wp\/v2\/pages\/3764"}],"collection":[{"href":"https:\/\/sfranciscoassis.com\/en\/wp-json\/wp\/v2\/pages"}],"about":[{"href":"https:\/\/sfranciscoassis.com\/en\/wp-json\/wp\/v2\/types\/page"}],"author":[{"embeddable":true,"href":"https:\/\/sfranciscoassis.com\/en\/wp-json\/wp\/v2\/users\/1"}],"replies":[{"embeddable":true,"href":"https:\/\/sfranciscoassis.com\/en\/wp-json\/wp\/v2\/comments?post=3764"}],"version-history":[{"count":38,"href":"https:\/\/sfranciscoassis.com\/en\/wp-json\/wp\/v2\/pages\/3764\/revisions"}],"predecessor-version":[{"id":46317,"href":"https:\/\/sfranciscoassis.com\/en\/wp-json\/wp\/v2\/pages\/3764\/revisions\/46317"}],"wp:attachment":[{"href":"https:\/\/sfranciscoassis.com\/en\/wp-json\/wp\/v2\/media?parent=3764"}],"curies":[{"name":"wp","href":"https:\/\/api.w.org\/{rel}","templated":true}]}}