{"id":11252,"date":"2018-11-05T04:49:27","date_gmt":"2018-11-05T04:49:27","guid":{"rendered":"http:\/\/demo.themexpert.com\/wordpress\/edumodo\/university-v1\/?page_id=11252"},"modified":"2024-12-02T00:54:05","modified_gmt":"2024-12-02T00:54:05","slug":"modelo-educacional","status":"publish","type":"page","link":"https:\/\/sfranciscoassis.com\/en\/modelo-educacional\/","title":{"rendered":"Educational Model"},"content":{"rendered":"<div data-elementor-type=\"wp-post\" data-elementor-id=\"11252\" class=\"elementor elementor-11252\" data-elementor-settings=\"[]\">\n\t\t\t\t\t\t<div class=\"elementor-inner\">\n\t\t\t\t\t\t\t<div class=\"elementor-section-wrap\">\n\t\t\t\t\t\t\t<section class=\"elementor-section elementor-top-section elementor-element elementor-element-4a19d43 elementor-section-boxed elementor-section-height-default elementor-section-height-default\" data-id=\"4a19d43\" data-element_type=\"section\" data-settings=\"{&quot;background_background&quot;:&quot;classic&quot;}\">\n\t\t\t\t\t\t\t<div class=\"elementor-background-overlay\"><\/div>\n\t\t\t\t\t\t\t<div class=\"elementor-container elementor-column-gap-default\">\n\t\t\t\t\t\t\t<div class=\"elementor-row\">\n\t\t\t\t\t<div class=\"elementor-column elementor-col-100 elementor-top-column elementor-element elementor-element-9669402\" data-id=\"9669402\" data-element_type=\"column\">\n\t\t\t<div class=\"elementor-column-wrap elementor-element-populated\">\n\t\t\t\t\t\t\t<div class=\"elementor-widget-wrap\">\n\t\t\t\t\t\t<section class=\"elementor-section elementor-inner-section elementor-element elementor-element-26ba23b elementor-section-boxed elementor-section-height-default elementor-section-height-default\" data-id=\"26ba23b\" data-element_type=\"section\">\n\t\t\t\t\t\t<div class=\"elementor-container elementor-column-gap-default\">\n\t\t\t\t\t\t\t<div class=\"elementor-row\">\n\t\t\t\t\t<div class=\"elementor-column elementor-col-100 elementor-inner-column elementor-element elementor-element-728268c elementor-invisible\" data-id=\"728268c\" data-element_type=\"column\" data-settings=\"{&quot;animation&quot;:&quot;fadeInUp&quot;}\">\n\t\t\t<div class=\"elementor-column-wrap elementor-element-populated\">\n\t\t\t\t\t\t\t<div class=\"elementor-widget-wrap\">\n\t\t\t\t\t\t<div class=\"elementor-element elementor-element-5a36dd9 elementor-widget elementor-widget-heading\" data-id=\"5a36dd9\" data-element_type=\"widget\" data-widget_type=\"heading.default\">\n\t\t\t\t<div class=\"elementor-widget-container\">\n\t\t\t<h2 class=\"elementor-heading-title elementor-size-default\">Educational Model<\/h2>\t\t<\/div>\n\t\t\t\t<\/div>\n\t\t\t\t<div class=\"elementor-element elementor-element-e3fa66c elementor-invisible elementor-widget elementor-widget-divider\" data-id=\"e3fa66c\" data-element_type=\"widget\" data-settings=\"{&quot;_animation&quot;:&quot;fadeInUp&quot;}\" data-widget_type=\"divider.default\">\n\t\t\t\t<div class=\"elementor-widget-container\">\n\t\t\t\t\t<div class=\"elementor-divider\">\n\t\t\t<span class=\"elementor-divider-separator\">\n\t\t\t\t\t\t<\/span>\n\t\t<\/div>\n\t\t\t\t<\/div>\n\t\t\t\t<\/div>\n\t\t\t\t<div class=\"elementor-element elementor-element-d1448dc elementor-invisible elementor-widget elementor-widget-text-editor\" data-id=\"d1448dc\" data-element_type=\"widget\" data-settings=\"{&quot;_animation&quot;:&quot;fadeIn&quot;}\" data-widget_type=\"text-editor.default\">\n\t\t\t\t<div class=\"elementor-widget-container\">\n\t\t\t\t\t<div class=\"elementor-text-editor elementor-clearfix\"><p>At Col\u00e9gio S. Francisco de Assis, learning is the active construction of knowledge, which takes place in interaction with others<\/p><\/div>\n\t\t\t\t<\/div>\n\t\t\t\t<\/div>\n\t\t\t\t\t\t<\/div>\n\t\t\t\t\t<\/div>\n\t\t<\/div>\n\t\t\t\t\t\t\t\t<\/div>\n\t\t\t\t\t<\/div>\n\t\t<\/section>\n\t\t\t\t<section class=\"elementor-section elementor-inner-section elementor-element elementor-element-fd909e2 elementor-section-boxed elementor-section-height-default elementor-section-height-default elementor-invisible\" data-id=\"fd909e2\" data-element_type=\"section\" data-settings=\"{&quot;animation&quot;:&quot;fadeIn&quot;}\">\n\t\t\t\t\t\t<div class=\"elementor-container elementor-column-gap-default\">\n\t\t\t\t\t\t\t<div class=\"elementor-row\">\n\t\t\t\t\t<div class=\"elementor-column elementor-col-100 elementor-inner-column elementor-element elementor-element-1c9c704\" data-id=\"1c9c704\" data-element_type=\"column\">\n\t\t\t<div class=\"elementor-column-wrap elementor-element-populated\">\n\t\t\t\t\t\t\t<div class=\"elementor-widget-wrap\">\n\t\t\t\t\t\t<div class=\"elementor-element elementor-element-6ed0164 elementor-drop-cap-yes elementor-drop-cap-view-default elementor-invisible elementor-widget elementor-widget-text-editor\" data-id=\"6ed0164\" data-element_type=\"widget\" data-settings=\"{&quot;drop_cap&quot;:&quot;yes&quot;,&quot;_animation&quot;:&quot;fadeIn&quot;}\" data-widget_type=\"text-editor.default\">\n\t\t\t\t<div class=\"elementor-widget-container\">\n\t\t\t\t\t<div class=\"elementor-text-editor elementor-clearfix\"><p>The child's practical experience is valued and the use of interactive methods predominates in our educational model. This leads the student to reflect on their knowledge in order to organise, enrich and develop it.<\/p><p>CSFA Lagoas Park has established a basic principle of educational action that promotes interactive exchanges with the family and the community. This gives meaning to the concept of school as an open system in a permanent relationship with the outside world.<\/p><\/div>\n\t\t\t\t<\/div>\n\t\t\t\t<\/div>\n\t\t\t\t\t\t<\/div>\n\t\t\t\t\t<\/div>\n\t\t<\/div>\n\t\t\t\t\t\t\t\t<\/div>\n\t\t\t\t\t<\/div>\n\t\t<\/section>\n\t\t\t\t\t\t<\/div>\n\t\t\t\t\t<\/div>\n\t\t<\/div>\n\t\t\t\t\t\t\t\t<\/div>\n\t\t\t\t\t<\/div>\n\t\t<\/section>\n\t\t\t\t<section class=\"elementor-section elementor-top-section elementor-element elementor-element-40650cd elementor-section-boxed elementor-section-height-default elementor-section-height-default\" data-id=\"40650cd\" data-element_type=\"section\" data-settings=\"{&quot;background_background&quot;:&quot;classic&quot;}\">\n\t\t\t\t\t\t<div class=\"elementor-container elementor-column-gap-default\">\n\t\t\t\t\t\t\t<div class=\"elementor-row\">\n\t\t\t\t\t<div class=\"elementor-column elementor-col-100 elementor-top-column elementor-element elementor-element-26d7163\" data-id=\"26d7163\" data-element_type=\"column\">\n\t\t\t<div class=\"elementor-column-wrap elementor-element-populated\">\n\t\t\t\t\t\t\t<div class=\"elementor-widget-wrap\">\n\t\t\t\t\t\t<div class=\"elementor-element elementor-element-7df926a elementor-widget elementor-widget-spacer\" data-id=\"7df926a\" data-element_type=\"widget\" data-widget_type=\"spacer.default\">\n\t\t\t\t<div class=\"elementor-widget-container\">\n\t\t\t\t\t<div class=\"elementor-spacer\">\n\t\t\t<div class=\"elementor-spacer-inner\"><\/div>\n\t\t<\/div>\n\t\t\t\t<\/div>\n\t\t\t\t<\/div>\n\t\t\t\t<div class=\"elementor-element elementor-element-2be5b7c elementor-widget elementor-widget-heading\" data-id=\"2be5b7c\" data-element_type=\"widget\" data-widget_type=\"heading.default\">\n\t\t\t\t<div class=\"elementor-widget-container\">\n\t\t\t<h2 class=\"elementor-heading-title elementor-size-default\">CSFA adopts a Constructivist-Positivist model in its pedagogical practice.<\/h2>\t\t<\/div>\n\t\t\t\t<\/div>\n\t\t\t\t<div class=\"elementor-element elementor-element-cc3b4ab elementor-view-default elementor-vertical-align-top elementor-widget elementor-widget-icon-box\" data-id=\"cc3b4ab\" data-element_type=\"widget\" data-widget_type=\"icon-box.default\">\n\t\t\t\t<div class=\"elementor-widget-container\">\n\t\t\t\t\t<div class=\"elementor-icon-box-wrapper\">\n\t\t\t\t\t\t<div class=\"elementor-icon-box-content\">\n\t\t\t\t<h3 class=\"elementor-icon-box-title\">\n\t\t\t\t\t<span ><\/span>\n\t\t\t\t<\/h3>\n\t\t\t\t\t\t\t\t<p class=\"elementor-icon-box-description\"><b><span style=\"color: rgb(254, 189, 17);\">Constructivist pedagogical model<\/span><span style=\"color: rgb(254, 189, 17);\"><\/span><\/b><br>\n<span style=\"font-family: roboto; font-size: 16px; font-style: italic; text-align: left;\">\"Involvement is one of the simplest secrets to promoting motivation\" - C\u00e9sar Bono<\/span><span style=\"font-family: roboto; font-size: 16px; font-style: italic; text-align: left;\"><\/span> - C\u00e9sar Bono<br>\n<br><b><span style=\"color: rgb(254, 189, 17);\">Positivist approach: Being a solution student<\/span><span style=\"color: rgb(254, 189, 17);\"><\/span><\/b><br>\n<span style=\"font-family: roboto; font-style: italic;\">\"I teach my students that, if they have to make a criticism, try to formulate it in such a way that it is not an empty censure. And, if, in any case, they should present at least one alternative\" - \u200b\u200bC\u00e9sar Bono (Global Teacher Prize)<\/span> - C\u00e9sar Bono (Global Teacher Prize)<br><\/p>\n\t\t\t\t\t\t\t<\/div>\n\t\t<\/div>\n\t\t\t\t<\/div>\n\t\t\t\t<\/div>\n\t\t\t\t<section class=\"elementor-section elementor-inner-section elementor-element elementor-element-1b1d7af elementor-section-boxed elementor-section-height-default elementor-section-height-default\" data-id=\"1b1d7af\" data-element_type=\"section\">\n\t\t\t\t\t\t<div class=\"elementor-container elementor-column-gap-default\">\n\t\t\t\t\t\t\t<div class=\"elementor-row\">\n\t\t\t\t\t\t\t\t\t<\/div>\n\t\t\t\t\t<\/div>\n\t\t<\/section>\n\t\t\t\t<div class=\"elementor-element elementor-element-c3666ba elementor-widget elementor-widget-spacer\" data-id=\"c3666ba\" data-element_type=\"widget\" data-widget_type=\"spacer.default\">\n\t\t\t\t<div class=\"elementor-widget-container\">\n\t\t\t\t\t<div class=\"elementor-spacer\">\n\t\t\t<div class=\"elementor-spacer-inner\"><\/div>\n\t\t<\/div>\n\t\t\t\t<\/div>\n\t\t\t\t<\/div>\n\t\t\t\t\t\t<\/div>\n\t\t\t\t\t<\/div>\n\t\t<\/div>\n\t\t\t\t\t\t\t\t<\/div>\n\t\t\t\t\t<\/div>\n\t\t<\/section>\n\t\t\t\t<section class=\"elementor-section elementor-top-section elementor-element elementor-element-1082a48 elementor-section-boxed elementor-section-height-default elementor-section-height-default\" data-id=\"1082a48\" data-element_type=\"section\" data-settings=\"{&quot;background_background&quot;:&quot;classic&quot;}\">\n\t\t\t\t\t\t<div class=\"elementor-container elementor-column-gap-default\">\n\t\t\t\t\t\t\t<div class=\"elementor-row\">\n\t\t\t\t\t<div class=\"elementor-column elementor-col-100 elementor-top-column elementor-element elementor-element-de6674d\" data-id=\"de6674d\" data-element_type=\"column\">\n\t\t\t<div class=\"elementor-column-wrap\">\n\t\t\t\t\t\t\t<div class=\"elementor-widget-wrap\">\n\t\t\t\t\t\t\t\t<\/div>\n\t\t\t\t\t<\/div>\n\t\t<\/div>\n\t\t\t\t\t\t\t\t<\/div>\n\t\t\t\t\t<\/div>\n\t\t<\/section>\n\t\t\t\t\t\t<\/div>\n\t\t\t\t\t\t<\/div>\n\t\t\t\t\t<\/div>","protected":false},"excerpt":{"rendered":"<p>Modelo Educacional No Col\u00e9gio S. Francisco de Assis, a aprendizagem assume-se como a constru\u00e7\u00e3o ativa de conhecimento, que acontece na intera\u00e7\u00e3o com os outros. \u00c9 valorizada a experi\u00eancia pr\u00e1tica da crian\u00e7a, e predomina o recurso aos m\u00e9todos ativos, que levam o aluno a refletir sobre os seus conhecimentos para os organizar, enriquecer e desenvolver. O [&hellip;]<\/p>","protected":false},"author":1,"featured_media":12056,"parent":0,"menu_order":0,"comment_status":"closed","ping_status":"closed","template":"elementor_header_footer","meta":[],"_links":{"self":[{"href":"https:\/\/sfranciscoassis.com\/en\/wp-json\/wp\/v2\/pages\/11252"}],"collection":[{"href":"https:\/\/sfranciscoassis.com\/en\/wp-json\/wp\/v2\/pages"}],"about":[{"href":"https:\/\/sfranciscoassis.com\/en\/wp-json\/wp\/v2\/types\/page"}],"author":[{"embeddable":true,"href":"https:\/\/sfranciscoassis.com\/en\/wp-json\/wp\/v2\/users\/1"}],"replies":[{"embeddable":true,"href":"https:\/\/sfranciscoassis.com\/en\/wp-json\/wp\/v2\/comments?post=11252"}],"version-history":[{"count":66,"href":"https:\/\/sfranciscoassis.com\/en\/wp-json\/wp\/v2\/pages\/11252\/revisions"}],"predecessor-version":[{"id":46223,"href":"https:\/\/sfranciscoassis.com\/en\/wp-json\/wp\/v2\/pages\/11252\/revisions\/46223"}],"wp:featuredmedia":[{"embeddable":true,"href":"https:\/\/sfranciscoassis.com\/en\/wp-json\/wp\/v2\/media\/12056"}],"wp:attachment":[{"href":"https:\/\/sfranciscoassis.com\/en\/wp-json\/wp\/v2\/media?parent=11252"}],"curies":[{"name":"wp","href":"https:\/\/api.w.org\/{rel}","templated":true}]}}